{"id":8785,"date":"2024-12-04T10:07:56","date_gmt":"2024-12-04T10:07:56","guid":{"rendered":"https:\/\/scheepvaartwinkel.com\/neueste-nachrichten\/"},"modified":"2024-12-04T10:07:57","modified_gmt":"2024-12-04T10:07:57","slug":"neueste-nachrichten","status":"publish","type":"page","link":"https:\/\/scheepvaartwinkel.com\/de\/neueste-nachrichten\/","title":{"rendered":"Neueste Nachrichten"},"content":{"rendered":"\t\t<div data-elementor-type=\"wp-page\" data-elementor-id=\"8785\" class=\"elementor elementor-8785 elementor-3490\" data-elementor-post-type=\"page\">\n\t\t\t\t\t\t<section data-particle_enable=\"false\" data-particle-mobile-disabled=\"false\" class=\"elementor-section elementor-top-section elementor-element elementor-element-4185f44 elementor-section-content-bottom elementor-section-height-min-height elementor-section-boxed elementor-section-height-default elementor-section-items-middle\" data-id=\"4185f44\" data-element_type=\"section\" data-e-type=\"section\" data-settings=\"{&quot;background_background&quot;:&quot;classic&quot;}\">\n\t\t\t\t\t\t\t<div class=\"elementor-background-overlay\"><\/div>\n\t\t\t\t\t\t\t<div class=\"elementor-container elementor-column-gap-no\">\n\t\t\t\t\t<div class=\"elementor-column elementor-col-100 elementor-top-column elementor-element elementor-element-82a8a74\" data-id=\"82a8a74\" data-element_type=\"column\" data-e-type=\"column\">\n\t\t\t<div class=\"elementor-widget-wrap elementor-element-populated\">\n\t\t\t\t\t\t<section data-particle_enable=\"false\" data-particle-mobile-disabled=\"false\" class=\"elementor-section elementor-inner-section elementor-element elementor-element-7e2c897 elementor-section-boxed elementor-section-height-default elementor-section-height-default\" data-id=\"7e2c897\" data-element_type=\"section\" data-e-type=\"section\">\n\t\t\t\t\t\t<div class=\"elementor-container elementor-column-gap-default\">\n\t\t\t\t\t<div class=\"elementor-column elementor-col-50 elementor-inner-column elementor-element elementor-element-582faf4\" data-id=\"582faf4\" data-element_type=\"column\" data-e-type=\"column\">\n\t\t\t<div class=\"elementor-widget-wrap elementor-element-populated\">\n\t\t\t\t\t\t<div class=\"elementor-element elementor-element-ae440d1 elementor-widget elementor-widget-heading\" data-id=\"ae440d1\" data-element_type=\"widget\" data-e-type=\"widget\" data-widget_type=\"heading.default\">\n\t\t\t\t<div class=\"elementor-widget-container\">\n\t\t\t\t\t<h1 class=\"elementor-heading-title elementor-size-default\">Neueste Nachrichten<\/h1>\t\t\t\t<\/div>\n\t\t\t\t<\/div>\n\t\t\t\t<div class=\"elementor-element elementor-element-f847ce1 elementor-widget-divider--view-line elementor-widget elementor-widget-divider\" data-id=\"f847ce1\" data-element_type=\"widget\" data-e-type=\"widget\" data-widget_type=\"divider.default\">\n\t\t\t\t<div class=\"elementor-widget-container\">\n\t\t\t\t\t\t\t<div class=\"elementor-divider\">\n\t\t\t<span class=\"elementor-divider-separator\">\n\t\t\t\t\t\t<\/span>\n\t\t<\/div>\n\t\t\t\t\t\t<\/div>\n\t\t\t\t<\/div>\n\t\t\t\t<div class=\"elementor-element elementor-element-7ff2f25 elementor-widget elementor-widget-text-editor\" data-id=\"7ff2f25\" data-element_type=\"widget\" data-e-type=\"widget\" data-widget_type=\"text-editor.default\">\n\t\t\t\t<div class=\"elementor-widget-container\">\n\t\t\t\t\t\t\t\t\t<p>Bleiben Sie auf dem Laufenden mit den neuesten Nachrichten<\/p>\n\t\t\t\t\t\t\t\t<\/div>\n\t\t\t\t<\/div>\n\t\t\t\t\t<\/div>\n\t\t<\/div>\n\t\t\t\t<div class=\"elementor-column elementor-col-50 elementor-inner-column elementor-element elementor-element-a54d4e4\" data-id=\"a54d4e4\" data-element_type=\"column\" data-e-type=\"column\">\n\t\t\t<div class=\"elementor-widget-wrap\">\n\t\t\t\t\t\t\t<\/div>\n\t\t<\/div>\n\t\t\t\t\t<\/div>\n\t\t<\/section>\n\t\t\t\t\t<\/div>\n\t\t<\/div>\n\t\t\t\t\t<\/div>\n\t\t<\/section>\n\t\t\t\t<section data-particle_enable=\"false\" data-particle-mobile-disabled=\"false\" class=\"elementor-section elementor-top-section elementor-element elementor-element-e9f505d elementor-section-boxed elementor-section-height-default elementor-section-height-default\" data-id=\"e9f505d\" data-element_type=\"section\" data-e-type=\"section\" data-settings=\"{&quot;background_background&quot;:&quot;classic&quot;}\">\n\t\t\t\t\t\t<div class=\"elementor-container elementor-column-gap-no\">\n\t\t\t\t\t<div class=\"elementor-column elementor-col-100 elementor-top-column elementor-element elementor-element-e6baef6\" data-id=\"e6baef6\" data-element_type=\"column\" data-e-type=\"column\">\n\t\t\t<div class=\"elementor-widget-wrap elementor-element-populated\">\n\t\t\t\t\t\t<div class=\"elementor-element elementor-element-df9d159 elementor-grid-eael-col-3 elementor-grid-tablet-eael-col-2 elementor-grid-mobile-eael-col-1 elementor-widget elementor-widget-eael-post-grid\" data-id=\"df9d159\" data-element_type=\"widget\" data-e-type=\"widget\" data-settings=\"{&quot;eael_post_grid_columns&quot;:&quot;eael-col-3&quot;,&quot;eael_post_grid_columns_tablet&quot;:&quot;eael-col-2&quot;,&quot;eael_post_grid_columns_mobile&quot;:&quot;eael-col-1&quot;}\" data-widget_type=\"eael-post-grid.default\">\n\t\t\t\t<div class=\"elementor-widget-container\">\n\t\t\t\t\t<div id=\"eael-post-grid-df9d159\" class=\"eael-post-grid-container\">\n            <div class=\"eael-post-grid eael-post-appender eael-post-appender-df9d159 eael-post-grid-style-one\" data-layout-mode=\"masonry\"><article class=\"eael-grid-post  eael-post-grid-column eael-pg-post-8764 category-unkategorisiert\" data-id=\"8764\">\n        <div class=\"eael-grid-post-holder\">\n            <div class=\"eael-grid-post-holder-inner\"><div class=\"eael-entry-media\"><div class=\"eael-entry-overlay fade-in\"><i class=\"fas fa-long-arrow-alt-right\" aria-hidden=\"true\"><\/i><a href=\"https:\/\/scheepvaartwinkel.com\/de\/effiziente-binnenschifffahrt-in-den-niederlanden\/\"><\/a><\/div><div class=\"eael-entry-thumbnail \">\n                <img fetchpriority=\"high\" decoding=\"async\" width=\"300\" height=\"225\" src=\"https:\/\/scheepvaartwinkel.com\/wp-content\/uploads\/2023\/07\/unnamed-file-300x225.jpg\" class=\"attachment-medium size-medium wp-image-4773\" alt=\"brug passeren\" srcset=\"https:\/\/scheepvaartwinkel.com\/wp-content\/uploads\/2023\/07\/unnamed-file-300x225.jpg 300w, https:\/\/scheepvaartwinkel.com\/wp-content\/uploads\/2023\/07\/unnamed-file-1024x769.jpg 1024w, https:\/\/scheepvaartwinkel.com\/wp-content\/uploads\/2023\/07\/unnamed-file-768x576.jpg 768w, https:\/\/scheepvaartwinkel.com\/wp-content\/uploads\/2023\/07\/unnamed-file-1536x1153.jpg 1536w, https:\/\/scheepvaartwinkel.com\/wp-content\/uploads\/2023\/07\/unnamed-file-2048x1537.jpg 2048w, https:\/\/scheepvaartwinkel.com\/wp-content\/uploads\/2023\/07\/unnamed-file-scaled.jpg 1600w\" sizes=\"(max-width: 300px) 100vw, 300px\" \/>\n            <\/div>\n        <\/div><div class=\"eael-entry-wrapper\"><header class=\"eael-entry-header\"><h2 class=\"eael-entry-title\"><a class=\"eael-grid-post-link\" href=\"https:\/\/scheepvaartwinkel.com\/de\/effiziente-binnenschifffahrt-in-den-niederlanden\/\" title=\"Effiziente Binnenschifffahrt in den Niederlanden\">Effiziente Binnenschifffahrt in den Niederlanden<\/a><\/h2><\/header><div class=\"eael-entry-content\">\n                        <div class=\"eael-grid-post-excerpt\"><p>Die niederl\u00e4ndische Landschaft wird oft mit Tulpenfeldern, Windm\u00fchlen und ausgedehnten Wasserwegen assoziiert. Diese Wasserstra\u00dfen spielen eine entscheidende Rolle f\u00fcr das...<\/p><a href=\"https:\/\/scheepvaartwinkel.com\/de\/effiziente-binnenschifffahrt-in-den-niederlanden\/\" class=\"eael-post-elements-readmore-btn\">Weiterlesen<\/a><\/div>\n                    <\/div><div class=\"eael-entry-footer\"><div class=\"eael-entry-meta\"><\/div><\/div><\/div><\/div>\n        <\/div>\n    <\/article><article class=\"eael-grid-post  eael-post-grid-column eael-pg-post-8761 category-unkategorisiert\" data-id=\"8761\">\n        <div class=\"eael-grid-post-holder\">\n            <div class=\"eael-grid-post-holder-inner\"><div class=\"eael-entry-media\"><div class=\"eael-entry-overlay fade-in\"><i class=\"fas fa-long-arrow-alt-right\" aria-hidden=\"true\"><\/i><a href=\"https:\/\/scheepvaartwinkel.com\/de\/grosse-eroeffnung-scheepvaartwinkel-marine-b-v\/\"><\/a><\/div><div class=\"eael-entry-thumbnail \">\n                <img decoding=\"async\" width=\"300\" height=\"170\" data-src=\"https:\/\/scheepvaartwinkel.com\/wp-content\/uploads\/2022\/10\/DSC07651-300x170.jpg\" class=\"attachment-medium size-medium wp-image-3482 lazyload\" alt=\"scheepvaartwinkel marine\" data-srcset=\"https:\/\/scheepvaartwinkel.com\/wp-content\/uploads\/2022\/10\/DSC07651-300x170.jpg 300w, https:\/\/scheepvaartwinkel.com\/wp-content\/uploads\/2022\/10\/DSC07651-1024x579.jpg 1024w, https:\/\/scheepvaartwinkel.com\/wp-content\/uploads\/2022\/10\/DSC07651-768x434.jpg 768w, https:\/\/scheepvaartwinkel.com\/wp-content\/uploads\/2022\/10\/DSC07651-1536x869.jpg 1536w, https:\/\/scheepvaartwinkel.com\/wp-content\/uploads\/2022\/10\/DSC07651-2048x1158.jpg 2048w, https:\/\/scheepvaartwinkel.com\/wp-content\/uploads\/2022\/10\/DSC07651-scaled.jpg 1600w\" data-sizes=\"(max-width: 300px) 100vw, 300px\" src=\"data:image\/svg+xml;base64,PHN2ZyB3aWR0aD0iMSIgaGVpZ2h0PSIxIiB4bWxucz0iaHR0cDovL3d3dy53My5vcmcvMjAwMC9zdmciPjwvc3ZnPg==\" style=\"--smush-placeholder-width: 300px; --smush-placeholder-aspect-ratio: 300\/170;\" \/>\n            <\/div>\n        <\/div><div class=\"eael-entry-wrapper\"><header class=\"eael-entry-header\"><h2 class=\"eael-entry-title\"><a class=\"eael-grid-post-link\" href=\"https:\/\/scheepvaartwinkel.com\/de\/grosse-eroeffnung-scheepvaartwinkel-marine-b-v\/\" title=\"GROSSE ER\u00d6FFNUNG! | Scheepvaartwinkel Marine B.V.\">GROSSE ER\u00d6FFNUNG! | Scheepvaartwinkel Marine B.V.<\/a><\/h2><\/header><div class=\"eael-entry-content\">\n                        <div class=\"eael-grid-post-excerpt\"><p>Dank unserer treuen Kunden sind wir in den letzten Jahren erheblich gewachsen. Dies veranlasste uns, nach einem gr\u00f6\u00dferen Standort zu...<\/p><a href=\"https:\/\/scheepvaartwinkel.com\/de\/grosse-eroeffnung-scheepvaartwinkel-marine-b-v\/\" class=\"eael-post-elements-readmore-btn\">Weiterlesen<\/a><\/div>\n                    <\/div><div class=\"eael-entry-footer\"><div class=\"eael-entry-meta\"><\/div><\/div><\/div><\/div>\n        <\/div>\n    <\/article><article class=\"eael-grid-post  eael-post-grid-column eael-pg-post-8752 category-unkategorisiert\" data-id=\"8752\">\n        <div class=\"eael-grid-post-holder\">\n            <div class=\"eael-grid-post-holder-inner\"><div class=\"eael-entry-media\"><div class=\"eael-entry-overlay fade-in\"><i class=\"fas fa-long-arrow-alt-right\" aria-hidden=\"true\"><\/i><a href=\"https:\/\/scheepvaartwinkel.com\/de\/versteifung-und-lebenserwartung\/\"><\/a><\/div><div class=\"eael-entry-thumbnail \">\n                <img decoding=\"async\" width=\"300\" height=\"200\" data-src=\"https:\/\/scheepvaartwinkel.com\/wp-content\/uploads\/2023\/10\/verstaging-300x200.jpeg\" class=\"attachment-medium size-medium wp-image-5657 lazyload\" alt=\"verstaging levensduur\" data-srcset=\"https:\/\/scheepvaartwinkel.com\/wp-content\/uploads\/2023\/10\/verstaging-300x200.jpeg 300w, https:\/\/scheepvaartwinkel.com\/wp-content\/uploads\/2023\/10\/verstaging-1024x683.jpeg 1024w, https:\/\/scheepvaartwinkel.com\/wp-content\/uploads\/2023\/10\/verstaging-768x512.jpeg 768w, https:\/\/scheepvaartwinkel.com\/wp-content\/uploads\/2023\/10\/verstaging-1536x1024.jpeg 1536w, https:\/\/scheepvaartwinkel.com\/wp-content\/uploads\/2023\/10\/verstaging-2048x1366.jpeg 2048w, https:\/\/scheepvaartwinkel.com\/wp-content\/uploads\/2023\/10\/verstaging-scaled.jpeg 1600w\" data-sizes=\"(max-width: 300px) 100vw, 300px\" src=\"data:image\/svg+xml;base64,PHN2ZyB3aWR0aD0iMSIgaGVpZ2h0PSIxIiB4bWxucz0iaHR0cDovL3d3dy53My5vcmcvMjAwMC9zdmciPjwvc3ZnPg==\" style=\"--smush-placeholder-width: 300px; --smush-placeholder-aspect-ratio: 300\/200;\" \/>\n            <\/div>\n        <\/div><div class=\"eael-entry-wrapper\"><header class=\"eael-entry-header\"><h2 class=\"eael-entry-title\"><a class=\"eael-grid-post-link\" href=\"https:\/\/scheepvaartwinkel.com\/de\/versteifung-und-lebenserwartung\/\" title=\"Versteifung und Lebenserwartung\">Versteifung und Lebenserwartung<\/a><\/h2><\/header><div class=\"eael-entry-content\">\n                        <div class=\"eael-grid-post-excerpt\"><p>Verstrebungen, der Begriff f\u00fcr die Stahlseile oder Dr\u00e4hte, die die Masten st\u00fctzen, sind ein wesentlicher Bestandteil jedes Segelboots. Sie spielt...<\/p><a href=\"https:\/\/scheepvaartwinkel.com\/de\/versteifung-und-lebenserwartung\/\" class=\"eael-post-elements-readmore-btn\">Weiterlesen<\/a><\/div>\n                    <\/div><div class=\"eael-entry-footer\"><div class=\"eael-entry-meta\"><\/div><\/div><\/div><\/div>\n        <\/div>\n    <\/article><\/div>\n            <div class=\"clearfix\"><\/div>\n        <\/div>\t\t\t\t<\/div>\n\t\t\t\t<\/div>\n\t\t\t\t<section data-particle_enable=\"false\" data-particle-mobile-disabled=\"false\" class=\"elementor-section elementor-inner-section elementor-element elementor-element-1df5042 elementor-hidden-desktop elementor-hidden-tablet elementor-hidden-mobile elementor-section-boxed elementor-section-height-default elementor-section-height-default\" data-id=\"1df5042\" data-element_type=\"section\" data-e-type=\"section\">\n\t\t\t\t\t\t<div class=\"elementor-container elementor-column-gap-default\">\n\t\t\t\t\t<div class=\"elementor-column elementor-col-50 elementor-inner-column elementor-element elementor-element-4094356\" data-id=\"4094356\" data-element_type=\"column\" data-e-type=\"column\" data-settings=\"{&quot;background_background&quot;:&quot;classic&quot;}\">\n\t\t\t<div class=\"elementor-widget-wrap elementor-element-populated\">\n\t\t\t\t\t\t<div class=\"elementor-element elementor-element-bf01e1c elementor-widget elementor-widget-image-box\" data-id=\"bf01e1c\" data-element_type=\"widget\" data-e-type=\"widget\" data-widget_type=\"image-box.default\">\n\t\t\t\t<div class=\"elementor-widget-container\">\n\t\t\t\t\t<div class=\"elementor-image-box-wrapper\"><div class=\"elementor-image-box-content\"><h3 class=\"elementor-image-box-title\"><a href=\"https:\/\/scheepvaartwinkel.com\/de\/stellenangebot-lagerarbeiter\/\">Stellenangebot Lagerarbeiter<\/a><\/h3><p class=\"elementor-image-box-description\">Haben Sie Spa\u00df daran, internationale Versandlieferungen perfekt vorzubereiten? Und m\u00f6chten Sie unser Lagerhaus wie Ihre Westentasche kennen lernen? Shipping Shop Marine ist auf der Suche nach einem Lagerarbeiter, der unser freundliches Team verst\u00e4rkt!<\/p><\/div><\/div>\t\t\t\t<\/div>\n\t\t\t\t<\/div>\n\t\t\t\t<div class=\"elementor-element elementor-element-a9af42a elementor-align-left elementor-mobile-align-left elementor-widget elementor-widget-button\" data-id=\"a9af42a\" data-element_type=\"widget\" data-e-type=\"widget\" data-widget_type=\"button.default\">\n\t\t\t\t<div class=\"elementor-widget-container\">\n\t\t\t\t\t\t\t\t\t<div class=\"elementor-button-wrapper\">\n\t\t\t\t\t<a class=\"elementor-button elementor-button-link elementor-size-sm elementor-animation-grow\" href=\"https:\/\/scheepvaartwinkel.com\/de\/stellenangebot-lagerarbeiter\/\">\n\t\t\t\t\t\t<span class=\"elementor-button-content-wrapper\">\n\t\t\t\t\t\t<span class=\"elementor-button-icon\">\n\t\t\t\t<svg aria-hidden=\"true\" class=\"e-font-icon-svg e-fas-arrow-right\" viewBox=\"0 0 448 512\" xmlns=\"http:\/\/www.w3.org\/2000\/svg\"><path d=\"M190.5 66.9l22.2-22.2c9.4-9.4 24.6-9.4 33.9 0L441 239c9.4 9.4 9.4 24.6 0 33.9L246.6 467.3c-9.4 9.4-24.6 9.4-33.9 0l-22.2-22.2c-9.5-9.5-9.3-25 .4-34.3L311.4 296H24c-13.3 0-24-10.7-24-24v-32c0-13.3 10.7-24 24-24h287.4L190.9 101.2c-9.8-9.3-10-24.8-.4-34.3z\"><\/path><\/svg>\t\t\t<\/span>\n\t\t\t\t\t\t\t\t\t<span class=\"elementor-button-text\">Anwenden<\/span>\n\t\t\t\t\t<\/span>\n\t\t\t\t\t<\/a>\n\t\t\t\t<\/div>\n\t\t\t\t\t\t\t\t<\/div>\n\t\t\t\t<\/div>\n\t\t\t\t\t<\/div>\n\t\t<\/div>\n\t\t\t\t<div class=\"elementor-column elementor-col-50 elementor-inner-column elementor-element elementor-element-63b192e\" data-id=\"63b192e\" data-element_type=\"column\" data-e-type=\"column\" data-settings=\"{&quot;background_background&quot;:&quot;classic&quot;}\">\n\t\t\t<div class=\"elementor-widget-wrap\">\n\t\t\t\t\t\t\t<\/div>\n\t\t<\/div>\n\t\t\t\t\t<\/div>\n\t\t<\/section>\n\t\t\t\t\t<\/div>\n\t\t<\/div>\n\t\t\t\t\t<\/div>\n\t\t<\/section>\n\t\t\t\t<section data-particle_enable=\"false\" data-particle-mobile-disabled=\"false\" class=\"elementor-section elementor-top-section elementor-element elementor-element-7a694d8 elementor-reverse-tablet elementor-reverse-mobile elementor-section-boxed elementor-section-height-default elementor-section-height-default\" data-id=\"7a694d8\" data-element_type=\"section\" data-e-type=\"section\" data-settings=\"{&quot;background_background&quot;:&quot;classic&quot;}\">\n\t\t\t\t\t\t<div class=\"elementor-container elementor-column-gap-default\">\n\t\t\t\t\t<div class=\"elementor-column elementor-col-50 elementor-top-column elementor-element elementor-element-927464b\" data-id=\"927464b\" data-element_type=\"column\" data-e-type=\"column\">\n\t\t\t<div class=\"elementor-widget-wrap elementor-element-populated\">\n\t\t\t\t\t\t<div class=\"elementor-element elementor-element-17a423f elementor-widget elementor-widget-image\" data-id=\"17a423f\" data-element_type=\"widget\" data-e-type=\"widget\" data-widget_type=\"image.default\">\n\t\t\t\t<div class=\"elementor-widget-container\">\n\t\t\t\t\t\t\t\t\t\t\t\t\t\t\t<img decoding=\"async\" width=\"1024\" height=\"579\" data-src=\"https:\/\/scheepvaartwinkel.com\/wp-content\/uploads\/2022\/10\/DSC07651-1024x579.jpg\" class=\"attachment-large size-large wp-image-3482 lazyload\" alt=\"scheepvaartwinkel marine\" data-srcset=\"https:\/\/scheepvaartwinkel.com\/wp-content\/uploads\/2022\/10\/DSC07651-1024x579.jpg 1024w, https:\/\/scheepvaartwinkel.com\/wp-content\/uploads\/2022\/10\/DSC07651-300x170.jpg 300w, https:\/\/scheepvaartwinkel.com\/wp-content\/uploads\/2022\/10\/DSC07651-768x434.jpg 768w, https:\/\/scheepvaartwinkel.com\/wp-content\/uploads\/2022\/10\/DSC07651-1536x869.jpg 1536w, https:\/\/scheepvaartwinkel.com\/wp-content\/uploads\/2022\/10\/DSC07651-2048x1158.jpg 2048w, https:\/\/scheepvaartwinkel.com\/wp-content\/uploads\/2022\/10\/DSC07651-scaled.jpg 1600w\" data-sizes=\"(max-width: 1024px) 100vw, 1024px\" src=\"data:image\/svg+xml;base64,PHN2ZyB3aWR0aD0iMSIgaGVpZ2h0PSIxIiB4bWxucz0iaHR0cDovL3d3dy53My5vcmcvMjAwMC9zdmciPjwvc3ZnPg==\" style=\"--smush-placeholder-width: 1024px; --smush-placeholder-aspect-ratio: 1024\/579;\" \/>\t\t\t\t\t\t\t\t\t\t\t\t\t\t\t<\/div>\n\t\t\t\t<\/div>\n\t\t\t\t\t<\/div>\n\t\t<\/div>\n\t\t\t\t<div class=\"elementor-column elementor-col-50 elementor-top-column elementor-element elementor-element-212b8f4\" data-id=\"212b8f4\" data-element_type=\"column\" data-e-type=\"column\">\n\t\t\t<div class=\"elementor-widget-wrap elementor-element-populated\">\n\t\t\t\t\t\t<div class=\"elementor-element elementor-element-181f4c5 elementor-widget elementor-widget-text-editor\" data-id=\"181f4c5\" data-element_type=\"widget\" data-e-type=\"widget\" data-widget_type=\"text-editor.default\">\n\t\t\t\t<div class=\"elementor-widget-container\">\n\t\t\t\t\t\t\t\t\t<p>Wer sind wir?<\/p>\n\t\t\t\t\t\t\t\t<\/div>\n\t\t\t\t<\/div>\n\t\t\t\t<div class=\"elementor-element elementor-element-8e19e56 elementor-widget elementor-widget-heading\" data-id=\"8e19e56\" data-element_type=\"widget\" data-e-type=\"widget\" data-widget_type=\"heading.default\">\n\t\t\t\t<div class=\"elementor-widget-container\">\n\t\t\t\t\t<h3 class=\"elementor-heading-title elementor-size-default\">Ein Blick auf die Firma.<\/h3>\t\t\t\t<\/div>\n\t\t\t\t<\/div>\n\t\t\t\t<div class=\"elementor-element elementor-element-19d39b1 elementor-widget elementor-widget-text-editor\" data-id=\"19d39b1\" data-element_type=\"widget\" data-e-type=\"widget\" data-widget_type=\"text-editor.default\">\n\t\t\t\t<div class=\"elementor-widget-container\">\n\t\t\t\t\t\t\t\t\t<p>Scheepvaartwinkel ist ein Unternehmen, das sich auf die Bevorratung von Kreuzfahrtschiffen und Binnenschiffen auf der ganzen Welt konzentriert. Wir bringen Materialien mit unserer eigenen Transportflotte in alle m\u00f6glichen L\u00e4nder. Scheepvaartwinkel ist schnell, serviceorientiert und bietet gute Preise.<\/p>\n\t\t\t\t\t\t\t\t<\/div>\n\t\t\t\t<\/div>\n\t\t\t\t<div class=\"elementor-element elementor-element-49cba1b elementor-align-left elementor-mobile-align-left elementor-widget elementor-widget-button\" data-id=\"49cba1b\" data-element_type=\"widget\" data-e-type=\"widget\" data-widget_type=\"button.default\">\n\t\t\t\t<div class=\"elementor-widget-container\">\n\t\t\t\t\t\t\t\t\t<div class=\"elementor-button-wrapper\">\n\t\t\t\t\t<a class=\"elementor-button elementor-button-link elementor-size-sm elementor-animation-grow\" href=\"https:\/\/scheepvaartwinkel.com\/de\/scheepvaartwinkel\/\">\n\t\t\t\t\t\t<span class=\"elementor-button-content-wrapper\">\n\t\t\t\t\t\t<span class=\"elementor-button-icon\">\n\t\t\t\t<svg aria-hidden=\"true\" class=\"e-font-icon-svg e-fas-arrow-right\" viewBox=\"0 0 448 512\" xmlns=\"http:\/\/www.w3.org\/2000\/svg\"><path d=\"M190.5 66.9l22.2-22.2c9.4-9.4 24.6-9.4 33.9 0L441 239c9.4 9.4 9.4 24.6 0 33.9L246.6 467.3c-9.4 9.4-24.6 9.4-33.9 0l-22.2-22.2c-9.5-9.5-9.3-25 .4-34.3L311.4 296H24c-13.3 0-24-10.7-24-24v-32c0-13.3 10.7-24 24-24h287.4L190.9 101.2c-9.8-9.3-10-24.8-.4-34.3z\"><\/path><\/svg>\t\t\t<\/span>\n\t\t\t\t\t\t\t\t\t<span class=\"elementor-button-text\">Weiterlesen<\/span>\n\t\t\t\t\t<\/span>\n\t\t\t\t\t<\/a>\n\t\t\t\t<\/div>\n\t\t\t\t\t\t\t\t<\/div>\n\t\t\t\t<\/div>\n\t\t\t\t\t<\/div>\n\t\t<\/div>\n\t\t\t\t\t<\/div>\n\t\t<\/section>\n\t\t\t\t<\/div>\n\t\t","protected":false},"excerpt":{"rendered":"<p>Neueste Nachrichten Bleiben Sie auf dem Laufenden mit den neuesten Nachrichten Effici\u00ebnte Binnenvaart in Nederland Het Nederlandse landschap wordt vaak geassocieerd met tulpenvelden, windmolens, en uitgestrekte waterwegen. Deze waterwegen spelen een cruciale rol in het&#8230; Weiterlesen Verstaging en de Levensduur Verstaging, de term die wordt gebruikt voor de stalen kabels of draden die masten ondersteunen, [&hellip;]<\/p>\n","protected":false},"author":1,"featured_media":0,"parent":0,"menu_order":0,"comment_status":"closed","ping_status":"closed","template":"","meta":{"_acf_changed":false,"site-sidebar-layout":"no-sidebar","site-content-layout":"page-builder","ast-site-content-layout":"default","site-content-style":"default","site-sidebar-style":"default","ast-global-header-display":"","ast-banner-title-visibility":"","ast-main-header-display":"","ast-hfb-above-header-display":"","ast-hfb-below-header-display":"","ast-hfb-mobile-header-display":"","site-post-title":"disabled","ast-breadcrumbs-content":"","ast-featured-img":"disabled","footer-sml-layout":"","ast-disable-related-posts":"","theme-transparent-header-meta":"default","adv-header-id-meta":"","stick-header-meta":"","header-above-stick-meta":"","header-main-stick-meta":"","header-below-stick-meta":"","astra-migrate-meta-layouts":"default","ast-page-background-enabled":"default","ast-page-background-meta":{"desktop":{"background-color":"","background-image":"","background-repeat":"repeat","background-position":"center center","background-size":"auto","background-attachment":"scroll","background-type":"","background-media":"","overlay-type":"","overlay-color":"","overlay-opacity":"","overlay-gradient":""},"tablet":{"background-color":"","background-image":"","background-repeat":"repeat","background-position":"center center","background-size":"auto","background-attachment":"scroll","background-type":"","background-media":"","overlay-type":"","overlay-color":"","overlay-opacity":"","overlay-gradient":""},"mobile":{"background-color":"","background-image":"","background-repeat":"repeat","background-position":"center center","background-size":"auto","background-attachment":"scroll","background-type":"","background-media":"","overlay-type":"","overlay-color":"","overlay-opacity":"","overlay-gradient":""}},"ast-content-background-meta":{"desktop":{"background-color":"var(--ast-global-color-5)","background-image":"","background-repeat":"repeat","background-position":"center center","background-size":"auto","background-attachment":"scroll","background-type":"","background-media":"","overlay-type":"","overlay-color":"","overlay-opacity":"","overlay-gradient":""},"tablet":{"background-color":"var(--ast-global-color-5)","background-image":"","background-repeat":"repeat","background-position":"center center","background-size":"auto","background-attachment":"scroll","background-type":"","background-media":"","overlay-type":"","overlay-color":"","overlay-opacity":"","overlay-gradient":""},"mobile":{"background-color":"var(--ast-global-color-5)","background-image":"","background-repeat":"repeat","background-position":"center center","background-size":"auto","background-attachment":"scroll","background-type":"","background-media":"","overlay-type":"","overlay-color":"","overlay-opacity":"","overlay-gradient":""}},"_joinchat":[],"footnotes":""},"class_list":["post-8785","page","type-page","status-publish","hentry"],"acf":[],"_links":{"self":[{"href":"https:\/\/scheepvaartwinkel.com\/de\/wp-json\/wp\/v2\/pages\/8785","targetHints":{"allow":["GET"]}}],"collection":[{"href":"https:\/\/scheepvaartwinkel.com\/de\/wp-json\/wp\/v2\/pages"}],"about":[{"href":"https:\/\/scheepvaartwinkel.com\/de\/wp-json\/wp\/v2\/types\/page"}],"author":[{"embeddable":true,"href":"https:\/\/scheepvaartwinkel.com\/de\/wp-json\/wp\/v2\/users\/1"}],"replies":[{"embeddable":true,"href":"https:\/\/scheepvaartwinkel.com\/de\/wp-json\/wp\/v2\/comments?post=8785"}],"version-history":[{"count":2,"href":"https:\/\/scheepvaartwinkel.com\/de\/wp-json\/wp\/v2\/pages\/8785\/revisions"}],"predecessor-version":[{"id":8793,"href":"https:\/\/scheepvaartwinkel.com\/de\/wp-json\/wp\/v2\/pages\/8785\/revisions\/8793"}],"wp:attachment":[{"href":"https:\/\/scheepvaartwinkel.com\/de\/wp-json\/wp\/v2\/media?parent=8785"}],"curies":[{"name":"wp","href":"https:\/\/api.w.org\/{rel}","templated":true}]}}