{"id":2696,"date":"2021-03-08T10:08:55","date_gmt":"2021-03-08T10:08:55","guid":{"rendered":"https:\/\/scheepvaartwinkel.com\/scheepvaartwinkel\/"},"modified":"2024-12-04T15:25:19","modified_gmt":"2024-12-04T15:25:19","slug":"scheepvaartwinkel","status":"publish","type":"page","link":"https:\/\/scheepvaartwinkel.com\/de\/scheepvaartwinkel\/","title":{"rendered":"Scheepvaartwinkel"},"content":{"rendered":"\t\t<div data-elementor-type=\"wp-page\" data-elementor-id=\"2696\" class=\"elementor elementor-2696 elementor-970\" data-elementor-post-type=\"page\">\n\t\t\t\t\t\t<section data-particle_enable=\"false\" data-particle-mobile-disabled=\"false\" class=\"elementor-section elementor-top-section elementor-element elementor-element-ad476b7 elementor-section-content-bottom elementor-section-height-min-height elementor-section-boxed elementor-section-height-default elementor-section-items-middle\" data-id=\"ad476b7\" data-element_type=\"section\" data-e-type=\"section\" data-settings=\"{&quot;background_background&quot;:&quot;classic&quot;}\">\n\t\t\t\t\t\t\t<div class=\"elementor-background-overlay\"><\/div>\n\t\t\t\t\t\t\t<div class=\"elementor-container elementor-column-gap-no\">\n\t\t\t\t\t<div class=\"elementor-column elementor-col-100 elementor-top-column elementor-element elementor-element-b36ee9c\" data-id=\"b36ee9c\" data-element_type=\"column\" data-e-type=\"column\">\n\t\t\t<div class=\"elementor-widget-wrap elementor-element-populated\">\n\t\t\t\t\t\t<section data-particle_enable=\"false\" data-particle-mobile-disabled=\"false\" class=\"elementor-section elementor-inner-section elementor-element elementor-element-817f1d3 elementor-section-boxed elementor-section-height-default elementor-section-height-default\" data-id=\"817f1d3\" data-element_type=\"section\" data-e-type=\"section\">\n\t\t\t\t\t\t<div class=\"elementor-container elementor-column-gap-default\">\n\t\t\t\t\t<div class=\"elementor-column elementor-col-50 elementor-inner-column elementor-element elementor-element-24ed2c2\" data-id=\"24ed2c2\" data-element_type=\"column\" data-e-type=\"column\">\n\t\t\t<div class=\"elementor-widget-wrap elementor-element-populated\">\n\t\t\t\t\t\t<div class=\"elementor-element elementor-element-417223c elementor-widget elementor-widget-heading\" data-id=\"417223c\" data-element_type=\"widget\" data-e-type=\"widget\" data-widget_type=\"heading.default\">\n\t\t\t\t<div class=\"elementor-widget-container\">\n\t\t\t\t\t<h1 class=\"elementor-heading-title elementor-size-default\">Wer sind wir?<\/h1>\t\t\t\t<\/div>\n\t\t\t\t<\/div>\n\t\t\t\t<div class=\"elementor-element elementor-element-4b0ab65 elementor-widget-divider--view-line elementor-widget elementor-widget-divider\" data-id=\"4b0ab65\" data-element_type=\"widget\" data-e-type=\"widget\" data-widget_type=\"divider.default\">\n\t\t\t\t<div class=\"elementor-widget-container\">\n\t\t\t\t\t\t\t<div class=\"elementor-divider\">\n\t\t\t<span class=\"elementor-divider-separator\">\n\t\t\t\t\t\t<\/span>\n\t\t<\/div>\n\t\t\t\t\t\t<\/div>\n\t\t\t\t<\/div>\n\t\t\t\t<div class=\"elementor-element elementor-element-c091239 elementor-widget elementor-widget-text-editor\" data-id=\"c091239\" data-element_type=\"widget\" data-e-type=\"widget\" data-widget_type=\"text-editor.default\">\n\t\t\t\t<div class=\"elementor-widget-container\">\n\t\t\t\t\t\t\t\t\t<p>Die Geschichte hinter Scheepvaartwinkel<\/p>\n\t\t\t\t\t\t\t\t<\/div>\n\t\t\t\t<\/div>\n\t\t\t\t\t<\/div>\n\t\t<\/div>\n\t\t\t\t<div class=\"elementor-column elementor-col-50 elementor-inner-column elementor-element elementor-element-2a69814\" data-id=\"2a69814\" data-element_type=\"column\" data-e-type=\"column\">\n\t\t\t<div class=\"elementor-widget-wrap\">\n\t\t\t\t\t\t\t<\/div>\n\t\t<\/div>\n\t\t\t\t\t<\/div>\n\t\t<\/section>\n\t\t\t\t\t<\/div>\n\t\t<\/div>\n\t\t\t\t\t<\/div>\n\t\t<\/section>\n\t\t\t\t<section data-particle_enable=\"false\" data-particle-mobile-disabled=\"false\" class=\"elementor-section elementor-top-section elementor-element elementor-element-eb4c4ec elementor-reverse-tablet elementor-reverse-mobile elementor-section-boxed elementor-section-height-default elementor-section-height-default\" data-id=\"eb4c4ec\" data-element_type=\"section\" data-e-type=\"section\" data-settings=\"{&quot;background_background&quot;:&quot;classic&quot;}\">\n\t\t\t\t\t\t<div class=\"elementor-container elementor-column-gap-default\">\n\t\t\t\t\t<div class=\"elementor-column elementor-col-50 elementor-top-column elementor-element elementor-element-c5461f5\" data-id=\"c5461f5\" data-element_type=\"column\" data-e-type=\"column\">\n\t\t\t<div class=\"elementor-widget-wrap elementor-element-populated\">\n\t\t\t\t\t\t<div class=\"elementor-element elementor-element-17d69c7 elementor-widget elementor-widget-image\" data-id=\"17d69c7\" data-element_type=\"widget\" data-e-type=\"widget\" data-widget_type=\"image.default\">\n\t\t\t\t<div class=\"elementor-widget-container\">\n\t\t\t\t\t\t\t\t\t\t\t\t\t\t\t<img fetchpriority=\"high\" decoding=\"async\" width=\"1024\" height=\"579\" src=\"https:\/\/scheepvaartwinkel.com\/wp-content\/uploads\/2022\/10\/DSC07651-1024x579.jpg\" class=\"attachment-large size-large wp-image-3482\" alt=\"scheepvaartwinkel marine\" srcset=\"https:\/\/scheepvaartwinkel.com\/wp-content\/uploads\/2022\/10\/DSC07651-1024x579.jpg 1024w, https:\/\/scheepvaartwinkel.com\/wp-content\/uploads\/2022\/10\/DSC07651-300x170.jpg 300w, https:\/\/scheepvaartwinkel.com\/wp-content\/uploads\/2022\/10\/DSC07651-768x434.jpg 768w, https:\/\/scheepvaartwinkel.com\/wp-content\/uploads\/2022\/10\/DSC07651-1536x869.jpg 1536w, https:\/\/scheepvaartwinkel.com\/wp-content\/uploads\/2022\/10\/DSC07651-2048x1158.jpg 2048w, https:\/\/scheepvaartwinkel.com\/wp-content\/uploads\/2022\/10\/DSC07651-scaled.jpg 1600w\" sizes=\"(max-width: 1024px) 100vw, 1024px\" \/>\t\t\t\t\t\t\t\t\t\t\t\t\t\t\t<\/div>\n\t\t\t\t<\/div>\n\t\t\t\t\t<\/div>\n\t\t<\/div>\n\t\t\t\t<div class=\"elementor-column elementor-col-50 elementor-top-column elementor-element elementor-element-1b74539\" data-id=\"1b74539\" data-element_type=\"column\" data-e-type=\"column\">\n\t\t\t<div class=\"elementor-widget-wrap elementor-element-populated\">\n\t\t\t\t\t\t<div class=\"elementor-element elementor-element-8c9c87e elementor-widget elementor-widget-text-editor\" data-id=\"8c9c87e\" data-element_type=\"widget\" data-e-type=\"widget\" data-widget_type=\"text-editor.default\">\n\t\t\t\t<div class=\"elementor-widget-container\">\n\t\t\t\t\t\t\t\t\t<p>Die Geschichte.<\/p>\n\t\t\t\t\t\t\t\t<\/div>\n\t\t\t\t<\/div>\n\t\t\t\t<div class=\"elementor-element elementor-element-863b4d1 elementor-widget elementor-widget-heading\" data-id=\"863b4d1\" data-element_type=\"widget\" data-e-type=\"widget\" data-widget_type=\"heading.default\">\n\t\t\t\t<div class=\"elementor-widget-container\">\n\t\t\t\t\t<h3 class=\"elementor-heading-title elementor-size-default\">Wer versendet den Shop Marine.<\/h3>\t\t\t\t<\/div>\n\t\t\t\t<\/div>\n\t\t\t\t<div class=\"elementor-element elementor-element-fbbac4c elementor-widget elementor-widget-text-editor\" data-id=\"fbbac4c\" data-element_type=\"widget\" data-e-type=\"widget\" data-widget_type=\"text-editor.default\">\n\t\t\t\t<div class=\"elementor-widget-container\">\n\t\t\t\t\t\t\t\t\t<p>Shipping Shop Marine ist ein Unternehmen, das sich auf die Lieferung von Schiffsausr\u00fcstung und Schmierstoffen im weitesten Sinne f\u00fcr Kreuzfahrt- und Binnenschiffe in ganz Europa konzentriert. Mit unserem eigenen Transportservice bringen wir alle Materialien selbst an Bord.<\/p>\n\t\t\t\t\t\t\t\t<\/div>\n\t\t\t\t<\/div>\n\t\t\t\t\t<\/div>\n\t\t<\/div>\n\t\t\t\t\t<\/div>\n\t\t<\/section>\n\t\t\t\t<section data-particle_enable=\"false\" data-particle-mobile-disabled=\"false\" class=\"elementor-section elementor-top-section elementor-element elementor-element-308b131 elementor-section-boxed elementor-section-height-default elementor-section-height-default\" data-id=\"308b131\" data-element_type=\"section\" data-e-type=\"section\" data-settings=\"{&quot;background_background&quot;:&quot;classic&quot;}\">\n\t\t\t\t\t\t<div class=\"elementor-container elementor-column-gap-default\">\n\t\t\t\t\t<div class=\"elementor-column elementor-col-50 elementor-top-column elementor-element elementor-element-693ee8b\" data-id=\"693ee8b\" data-element_type=\"column\" data-e-type=\"column\">\n\t\t\t<div class=\"elementor-widget-wrap elementor-element-populated\">\n\t\t\t\t\t\t<div class=\"elementor-element elementor-element-e5c394a elementor-widget elementor-widget-heading\" data-id=\"e5c394a\" data-element_type=\"widget\" data-e-type=\"widget\" data-widget_type=\"heading.default\">\n\t\t\t\t<div class=\"elementor-widget-container\">\n\t\t\t\t\t<h3 class=\"elementor-heading-title elementor-size-default\">Was machen wir sonst noch?<\/h3>\t\t\t\t<\/div>\n\t\t\t\t<\/div>\n\t\t\t\t<div class=\"elementor-element elementor-element-1537985 elementor-widget elementor-widget-text-editor\" data-id=\"1537985\" data-element_type=\"widget\" data-e-type=\"widget\" data-widget_type=\"text-editor.default\">\n\t\t\t\t<div class=\"elementor-widget-container\">\n\t\t\t\t\t\t\t\t\t<p>Neben der Lieferung von Materialien k\u00fcmmern wir uns auch um die Inspektion von Sicherheitsausr\u00fcstungen wie Schwimmwesten, Feuerl\u00f6sch- und Atemschutzger\u00e4ten, Feuerl\u00f6schern und Feuerwehrschlauchhaspeln. Um das Paket abzurunden, stehen in unserer umfangreichen Werkstatt Mechaniker bereit, die Au\u00dfenbordmotoren, Pumpen und Werkzeuge warten und reparieren.<\/p>\n<p>Die Fahrzeuge unserer Flotte sind modern und mit einem Pumpsystem ausgestattet, das es uns erm\u00f6glicht, Schmiermittel direkt in das Schiff zu pumpen. Wenn Sie weitere Informationen ben\u00f6tigen, sehen Sie sich alle unsere <a style=\"color: #DF2B2A;\" href=\"https:\/\/scheepvaartwinkel.com\/de\/dienstleistungen\/\" rel=\"noopener\">Dienstleistungen<\/a> an.<\/p>\n<p>Ein physisches Gesch\u00e4ft unserer Firma befindet sich in Arnhem. Hier finden Sie alle Materialien sowohl f\u00fcr die kommerzielle Schifffahrt als auch f\u00fcr den Wassersport. Mit einem gro\u00dfen Lager halten wir alle wichtigen Materialien vor.  Von dort aus liefern wir europaweit. Neben der Niederlassung in Arnheim verf\u00fcgen wir auch \u00fcber ein 800 m2 gro\u00dfes Lager in Wien, um auch Kunden in dieser Region schnell bedienen zu k\u00f6nnen. &nbsp;<\/p>\t\t\t\t\t\t\t\t<\/div>\n\t\t\t\t<\/div>\n\t\t\t\t\t<\/div>\n\t\t<\/div>\n\t\t\t\t<div class=\"elementor-column elementor-col-50 elementor-top-column elementor-element elementor-element-37af575\" data-id=\"37af575\" data-element_type=\"column\" data-e-type=\"column\">\n\t\t\t<div class=\"elementor-widget-wrap elementor-element-populated\">\n\t\t\t\t\t\t<div class=\"elementor-element elementor-element-0711880 elementor-widget elementor-widget-image\" data-id=\"0711880\" data-element_type=\"widget\" data-e-type=\"widget\" data-widget_type=\"image.default\">\n\t\t\t\t<div class=\"elementor-widget-container\">\n\t\t\t\t\t\t\t\t\t\t\t\t\t\t\t<img decoding=\"async\" width=\"1024\" height=\"576\" data-src=\"https:\/\/scheepvaartwinkel.com\/wp-content\/uploads\/2023\/03\/DSC07575-1024x576.jpg\" class=\"attachment-large size-large wp-image-3868 lazyload\" alt=\"\" data-srcset=\"https:\/\/scheepvaartwinkel.com\/wp-content\/uploads\/2023\/03\/DSC07575-1024x576.jpg 1024w, https:\/\/scheepvaartwinkel.com\/wp-content\/uploads\/2023\/03\/DSC07575-300x169.jpg 300w, https:\/\/scheepvaartwinkel.com\/wp-content\/uploads\/2023\/03\/DSC07575-768x432.jpg 768w, https:\/\/scheepvaartwinkel.com\/wp-content\/uploads\/2023\/03\/DSC07575-1536x864.jpg 1536w, https:\/\/scheepvaartwinkel.com\/wp-content\/uploads\/2023\/03\/DSC07575-2048x1152.jpg 2048w, https:\/\/scheepvaartwinkel.com\/wp-content\/uploads\/2023\/03\/DSC07575-scaled.jpg 1600w\" data-sizes=\"(max-width: 1024px) 100vw, 1024px\" src=\"data:image\/svg+xml;base64,PHN2ZyB3aWR0aD0iMSIgaGVpZ2h0PSIxIiB4bWxucz0iaHR0cDovL3d3dy53My5vcmcvMjAwMC9zdmciPjwvc3ZnPg==\" style=\"--smush-placeholder-width: 1024px; --smush-placeholder-aspect-ratio: 1024\/576;\" \/>\t\t\t\t\t\t\t\t\t\t\t\t\t\t\t<\/div>\n\t\t\t\t<\/div>\n\t\t\t\t\t<\/div>\n\t\t<\/div>\n\t\t\t\t\t<\/div>\n\t\t<\/section>\n\t\t\t\t<section data-particle_enable=\"false\" data-particle-mobile-disabled=\"false\" class=\"elementor-section elementor-top-section elementor-element elementor-element-fdfd0d0 elementor-section-boxed elementor-section-height-default elementor-section-height-default\" data-id=\"fdfd0d0\" data-element_type=\"section\" data-e-type=\"section\" data-settings=\"{&quot;background_background&quot;:&quot;classic&quot;}\">\n\t\t\t\t\t\t\t<div class=\"elementor-background-overlay\"><\/div>\n\t\t\t\t\t\t\t<div class=\"elementor-container elementor-column-gap-default\">\n\t\t\t\t\t<div class=\"elementor-column elementor-col-50 elementor-top-column elementor-element elementor-element-b9932a1\" data-id=\"b9932a1\" data-element_type=\"column\" data-e-type=\"column\">\n\t\t\t<div class=\"elementor-widget-wrap elementor-element-populated\">\n\t\t\t\t\t\t<div class=\"elementor-element elementor-element-738a1a6 elementor-widget elementor-widget-heading\" data-id=\"738a1a6\" data-element_type=\"widget\" data-e-type=\"widget\" data-widget_type=\"heading.default\">\n\t\t\t\t<div class=\"elementor-widget-container\">\n\t\t\t\t\t<h3 class=\"elementor-heading-title elementor-size-default\">Werden Sie Kunde von Scheepvaartwinkel Marine.<\/h3>\t\t\t\t<\/div>\n\t\t\t\t<\/div>\n\t\t\t\t\t<\/div>\n\t\t<\/div>\n\t\t\t\t<div class=\"elementor-column elementor-col-50 elementor-top-column elementor-element elementor-element-132a45b\" data-id=\"132a45b\" data-element_type=\"column\" data-e-type=\"column\">\n\t\t\t<div class=\"elementor-widget-wrap elementor-element-populated\">\n\t\t\t\t\t\t<div class=\"elementor-element elementor-element-0b228ad elementor-align-center elementor-mobile-align-left elementor-widget elementor-widget-button\" data-id=\"0b228ad\" data-element_type=\"widget\" data-e-type=\"widget\" data-widget_type=\"button.default\">\n\t\t\t\t<div class=\"elementor-widget-container\">\n\t\t\t\t\t\t\t\t\t<div class=\"elementor-button-wrapper\">\n\t\t\t\t\t<a class=\"elementor-button elementor-button-link elementor-size-sm elementor-animation-grow-rotate\" href=\"https:\/\/scheepvaartwinkel.com\/de\/kontakt\/\">\n\t\t\t\t\t\t<span class=\"elementor-button-content-wrapper\">\n\t\t\t\t\t\t<span class=\"elementor-button-icon\">\n\t\t\t\t<svg aria-hidden=\"true\" class=\"e-font-icon-svg e-fas-chevron-right\" viewBox=\"0 0 320 512\" xmlns=\"http:\/\/www.w3.org\/2000\/svg\"><path d=\"M285.476 272.971L91.132 467.314c-9.373 9.373-24.569 9.373-33.941 0l-22.667-22.667c-9.357-9.357-9.375-24.522-.04-33.901L188.505 256 34.484 101.255c-9.335-9.379-9.317-24.544.04-33.901l22.667-22.667c9.373-9.373 24.569-9.373 33.941 0L285.475 239.03c9.373 9.372 9.373 24.568.001 33.941z\"><\/path><\/svg>\t\t\t<\/span>\n\t\t\t\t\t\t\t\t\t<span class=\"elementor-button-text\">Ich will das<\/span>\n\t\t\t\t\t<\/span>\n\t\t\t\t\t<\/a>\n\t\t\t\t<\/div>\n\t\t\t\t\t\t\t\t<\/div>\n\t\t\t\t<\/div>\n\t\t\t\t\t<\/div>\n\t\t<\/div>\n\t\t\t\t\t<\/div>\n\t\t<\/section>\n\t\t\t\t<\/div>\n\t\t","protected":false},"excerpt":{"rendered":"<p>Wer sind wir? Die Geschichte hinter Scheepvaartwinkel Die Geschichte. Wer versendet den Shop Marine. Shipping Shop Marine ist ein Unternehmen, das sich auf die Lieferung von Schiffsausr\u00fcstung und Schmierstoffen im weitesten Sinne f\u00fcr Kreuzfahrt- und Binnenschiffe in ganz Europa konzentriert. Mit unserem eigenen Transportservice bringen wir alle Materialien selbst an Bord. Was machen wir sonst [&hellip;]<\/p>\n","protected":false},"author":3,"featured_media":0,"parent":0,"menu_order":0,"comment_status":"closed","ping_status":"closed","template":"","meta":{"_acf_changed":false,"site-sidebar-layout":"no-sidebar","site-content-layout":"page-builder","ast-site-content-layout":"full-width-container","site-content-style":"unboxed","site-sidebar-style":"unboxed","ast-global-header-display":"","ast-banner-title-visibility":"","ast-main-header-display":"","ast-hfb-above-header-display":"","ast-hfb-below-header-display":"","ast-hfb-mobile-header-display":"","site-post-title":"disabled","ast-breadcrumbs-content":"","ast-featured-img":"disabled","footer-sml-layout":"","ast-disable-related-posts":"","theme-transparent-header-meta":"default","adv-header-id-meta":"","stick-header-meta":"","header-above-stick-meta":"","header-main-stick-meta":"","header-below-stick-meta":"","astra-migrate-meta-layouts":"default","ast-page-background-enabled":"default","ast-page-background-meta":{"desktop":{"background-color":"","background-image":"","background-repeat":"repeat","background-position":"center center","background-size":"auto","background-attachment":"scroll","background-type":"","background-media":"","overlay-type":"","overlay-color":"","overlay-opacity":"","overlay-gradient":""},"tablet":{"background-color":"","background-image":"","background-repeat":"repeat","background-position":"center center","background-size":"auto","background-attachment":"scroll","background-type":"","background-media":"","overlay-type":"","overlay-color":"","overlay-opacity":"","overlay-gradient":""},"mobile":{"background-color":"","background-image":"","background-repeat":"repeat","background-position":"center center","background-size":"auto","background-attachment":"scroll","background-type":"","background-media":"","overlay-type":"","overlay-color":"","overlay-opacity":"","overlay-gradient":""}},"ast-content-background-meta":{"desktop":{"background-color":"var(--ast-global-color-5)","background-image":"","background-repeat":"repeat","background-position":"center center","background-size":"auto","background-attachment":"scroll","background-type":"","background-media":"","overlay-type":"","overlay-color":"","overlay-opacity":"","overlay-gradient":""},"tablet":{"background-color":"var(--ast-global-color-5)","background-image":"","background-repeat":"repeat","background-position":"center center","background-size":"auto","background-attachment":"scroll","background-type":"","background-media":"","overlay-type":"","overlay-color":"","overlay-opacity":"","overlay-gradient":""},"mobile":{"background-color":"var(--ast-global-color-5)","background-image":"","background-repeat":"repeat","background-position":"center center","background-size":"auto","background-attachment":"scroll","background-type":"","background-media":"","overlay-type":"","overlay-color":"","overlay-opacity":"","overlay-gradient":""}},"_joinchat":[],"footnotes":""},"class_list":["post-2696","page","type-page","status-publish","hentry"],"acf":[],"_links":{"self":[{"href":"https:\/\/scheepvaartwinkel.com\/de\/wp-json\/wp\/v2\/pages\/2696","targetHints":{"allow":["GET"]}}],"collection":[{"href":"https:\/\/scheepvaartwinkel.com\/de\/wp-json\/wp\/v2\/pages"}],"about":[{"href":"https:\/\/scheepvaartwinkel.com\/de\/wp-json\/wp\/v2\/types\/page"}],"author":[{"embeddable":true,"href":"https:\/\/scheepvaartwinkel.com\/de\/wp-json\/wp\/v2\/users\/3"}],"replies":[{"embeddable":true,"href":"https:\/\/scheepvaartwinkel.com\/de\/wp-json\/wp\/v2\/comments?post=2696"}],"version-history":[{"count":14,"href":"https:\/\/scheepvaartwinkel.com\/de\/wp-json\/wp\/v2\/pages\/2696\/revisions"}],"predecessor-version":[{"id":9226,"href":"https:\/\/scheepvaartwinkel.com\/de\/wp-json\/wp\/v2\/pages\/2696\/revisions\/9226"}],"wp:attachment":[{"href":"https:\/\/scheepvaartwinkel.com\/de\/wp-json\/wp\/v2\/media?parent=2696"}],"curies":[{"name":"wp","href":"https:\/\/api.w.org\/{rel}","templated":true}]}}